{"id":2,"date":"2018-12-08T15:45:25","date_gmt":"2018-12-08T13:45:25","guid":{"rendered":"http:\/\/www.virtuellaservrar.net\/?page_id=2"},"modified":"2026-03-15T16:28:58","modified_gmt":"2026-03-15T14:28:58","slug":"esimerkkisivu","status":"publish","type":"page","link":"https:\/\/www.oulukv.com\/","title":{"rendered":"Tervetuloa Ouluun!"},"content":{"rendered":"\n<p class=\"has-text-color has-normal-font-size has-small-font-size\"><strong>Tervetuloa Ouluun!<\/strong> N\u00e4yttely j\u00e4rjestet\u00e4\u00e4n <strong>\u00c4im\u00e4raution raviradalla<\/strong>, osoite: <em>\u00c4im\u00e4rautiontie 3, 90400 Oulu.<\/em> Keh\u00e4t sijaitsevat ulkona, kaviouralla tai nurmella.<\/p>\n\n\n<div class=\"wp-block-image is-style-default\">\n<figure class=\"aligncenter is-resized\"><img loading=\"lazy\" decoding=\"async\" width=\"1024\" height=\"596\" src=\"https:\/\/www.oulukv.com\/wp-content\/uploads\/2024\/03\/KVNORD-1024x596.jpg\" alt=\"\" class=\"wp-image-516\" style=\"width:596px;height:auto\" srcset=\"https:\/\/www.oulukv.com\/wp-content\/uploads\/2024\/03\/KVNORD-1024x596.jpg 1024w, https:\/\/www.oulukv.com\/wp-content\/uploads\/2024\/03\/KVNORD-300x175.jpg 300w, https:\/\/www.oulukv.com\/wp-content\/uploads\/2024\/03\/KVNORD-768x447.jpg 768w, https:\/\/www.oulukv.com\/wp-content\/uploads\/2024\/03\/KVNORD-1536x894.jpg 1536w, https:\/\/www.oulukv.com\/wp-content\/uploads\/2024\/03\/KVNORD-960x559.jpg 960w, https:\/\/www.oulukv.com\/wp-content\/uploads\/2024\/03\/KVNORD.jpg 1984w\" sizes=\"auto, (max-width: 1024px) 100vw, 1024px\" \/><\/figure>\n<\/div>\n\n\n<p class=\"has-small-font-size\"><strong>Lauantaina 4.7.2026<br><\/strong>- Kansainv\u00e4linen kaikkien rotujen n\u00e4yttely<br>- My\u00f6s pennut (7-9 kk)<br>- Junior Handler SM-osakilpailu<br><br><strong>Sunnuntaina 5.7.2026<br><\/strong>- Kaikkien rotujen kansallinen n\u00e4yttely<br>- My\u00f6s pennut (7-9 kk)<br>- Junior Handler -kilpailu, joka on my\u00f6s samalla Pohjois-Pohjanmaan Kennelpiirin piirinmestaruuskilpailu<br><br>Molempina p\u00e4ivin\u00e4 j\u00e4rjestet\u00e4\u00e4n my\u00f6s BIS-juniori -kilpailu.<\/p>\n\n\n\n<p class=\"has-small-font-size\">Parkkimaksu 5\u20ac\/p\u00e4iv\u00e4\/auto. P\u00e4\u00e4symaksu 5\u20ac <em>(yksi ihminen p\u00e4\u00e4see sis\u00e4\u00e4n ilmoitetun koiran kanssa ilman erillist\u00e4 maksua)<\/em>. Alle 15-vuotiaat ilmainen sis\u00e4\u00e4np\u00e4\u00e4sy.<\/p>\n\n\n\n<p class=\"has-text-align-center has-small-font-size\"><strong>L\u00f6yd\u00e4 meid\u00e4t Facebookista!<\/strong><br>-&nbsp;<a href=\"https:\/\/fb.me\/e\/1TzoNlkfLr\" target=\"_blank\" rel=\"noreferrer noopener\">Facebook<\/a><br><em>Seuraamalla n\u00e4yttelyn Facebook -sivua saat aina ajankohtaisimmat uutiset ja tiedotteet n\u00e4yttelyst\u00e4mme tietoosi!<\/em><\/p>\n\n\n\n<p class=\"has-background has-small-font-size\" style=\"background-color:#bed1f2\"><strong>17.2.2026<\/strong> Tuomarinmuutos p\u00e4ivitetty ja ilmoittautuminen avattu. <br><strong>13.2.2026<\/strong> N\u00e4yttelyn kotisivut avattu!<\/p>\n\n\n\n<p class=\"has-text-align-center has-text-color has-small-font-size\" style=\"color:#000000\"><strong>J\u00e4rjest\u00e4j\u00e4:<\/strong>&nbsp;<a href=\"http:\/\/www.oulunkoirakerho.net\/\" target=\"_blank\" rel=\"noreferrer noopener\">Oulun Koirakerho<\/a>,&nbsp;<a href=\"http:\/\/www.opky.net\/\" target=\"_blank\" rel=\"noreferrer noopener\">Oulun Palveluskoirayhdistys<\/a>,&nbsp;<a href=\"https:\/\/www.osn.fi\/\" target=\"_blank\" rel=\"noreferrer noopener\">Oulun Seudun Noutajakoirayhdistys<\/a> &amp;&nbsp;<a href=\"https:\/\/www.osty.fi\/\" target=\"_blank\" rel=\"noreferrer noopener\">Oulun Seudun Terrieriyhdistys<\/a><\/p>\n\n\n<div class=\"wp-block-image\">\n<figure class=\"aligncenter size-full\"><a href=\"https:\/\/www.royalcanin.com\/fi\" target=\"_blank\" rel=\"noopener\"><img loading=\"lazy\" decoding=\"async\" width=\"500\" height=\"225\" src=\"https:\/\/www.oulukv.com\/wp-content\/uploads\/2019\/12\/logo_rc.jpg\" alt=\"\" class=\"wp-image-71\" srcset=\"https:\/\/www.oulukv.com\/wp-content\/uploads\/2019\/12\/logo_rc.jpg 500w, https:\/\/www.oulukv.com\/wp-content\/uploads\/2019\/12\/logo_rc-300x135.jpg 300w\" sizes=\"auto, (max-width: 500px) 100vw, 500px\" \/><\/a><\/figure>\n<\/div>\n\n<p>&nbsp;<\/p>\n\n\n<p>&nbsp;<\/p>\n\n\n\n\n<div class=\"wp-block-image\">\n<figure class=\"aligncenter size-large\"><img loading=\"lazy\" decoding=\"async\" width=\"1024\" height=\"819\" src=\"https:\/\/www.oulukv.com\/wp-content\/uploads\/2026\/03\/OuluKV-sponsorikollaasi-copy-1024x819.jpg\" alt=\"\" class=\"wp-image-787\" srcset=\"https:\/\/www.oulukv.com\/wp-content\/uploads\/2026\/03\/OuluKV-sponsorikollaasi-copy-1024x819.jpg 1024w, https:\/\/www.oulukv.com\/wp-content\/uploads\/2026\/03\/OuluKV-sponsorikollaasi-copy-300x240.jpg 300w, https:\/\/www.oulukv.com\/wp-content\/uploads\/2026\/03\/OuluKV-sponsorikollaasi-copy-768x614.jpg 768w, https:\/\/www.oulukv.com\/wp-content\/uploads\/2026\/03\/OuluKV-sponsorikollaasi-copy-960x768.jpg 960w, https:\/\/www.oulukv.com\/wp-content\/uploads\/2026\/03\/OuluKV-sponsorikollaasi-copy.jpg 1280w\" sizes=\"auto, (max-width: 1024px) 100vw, 1024px\" \/><\/figure>\n<\/div>","protected":false},"excerpt":{"rendered":"<p>Tervetuloa Ouluun! N\u00e4yttely j\u00e4rjestet\u00e4\u00e4n \u00c4im\u00e4raution raviradalla, osoite: \u00c4im\u00e4rautiontie 3, 90400 Oulu. Keh\u00e4t sijaitsevat ulkona, kaviouralla tai nurmella. Lauantaina 4.7.2026- Kansainv\u00e4linen kaikkien rotujen n\u00e4yttely- My\u00f6s pennut (7-9 kk)- Junior Handler SM-osakilpailu Sunnuntaina 5.7.2026- Kaikkien rotujen kansallinen n\u00e4yttely- My\u00f6s pennut (7-9 kk)- Junior Handler -kilpailu, joka on my\u00f6s samalla Pohjois-Pohjanmaan Kennelpiirin piirinmestaruuskilpailu Molempina p\u00e4ivin\u00e4 j\u00e4rjestet\u00e4\u00e4n my\u00f6s BIS-juniori <a href=\"https:\/\/www.oulukv.com\/\" class=\"more-link\">...jatka lukemista<span class=\"screen-reader-text\"> \"Tervetuloa Ouluun!\"<\/span><\/a><\/p>\n","protected":false},"author":1,"featured_media":0,"parent":0,"menu_order":0,"comment_status":"closed","ping_status":"open","template":"","meta":{"footnotes":""},"class_list":["post-2","page","type-page","status-publish","h-entry","hentry","h-as-page"],"_links":{"self":[{"href":"https:\/\/www.oulukv.com\/wp-json\/wp\/v2\/pages\/2","targetHints":{"allow":["GET"]}}],"collection":[{"href":"https:\/\/www.oulukv.com\/wp-json\/wp\/v2\/pages"}],"about":[{"href":"https:\/\/www.oulukv.com\/wp-json\/wp\/v2\/types\/page"}],"author":[{"embeddable":true,"href":"https:\/\/www.oulukv.com\/wp-json\/wp\/v2\/users\/1"}],"replies":[{"embeddable":true,"href":"https:\/\/www.oulukv.com\/wp-json\/wp\/v2\/comments?post=2"}],"version-history":[{"count":121,"href":"https:\/\/www.oulukv.com\/wp-json\/wp\/v2\/pages\/2\/revisions"}],"predecessor-version":[{"id":788,"href":"https:\/\/www.oulukv.com\/wp-json\/wp\/v2\/pages\/2\/revisions\/788"}],"wp:attachment":[{"href":"https:\/\/www.oulukv.com\/wp-json\/wp\/v2\/media?parent=2"}],"curies":[{"name":"wp","href":"https:\/\/api.w.org\/{rel}","templated":true}]}}